{"id":696,"date":"2024-07-24T14:23:34","date_gmt":"2024-07-24T12:23:34","guid":{"rendered":"https:\/\/alpineelite.ch\/?page_id=696"},"modified":"2025-01-09T09:21:56","modified_gmt":"2025-01-09T08:21:56","slug":"termini-condizioni","status":"publish","type":"page","link":"https:\/\/alpineelite.ch\/it\/termini-condizioni\/","title":{"rendered":"Termini &#038; Condizioni"},"content":{"rendered":"<ol>\n<li><strong>DEFINIZIONI E INTERPRETAZIONE<\/strong><\/li>\n<\/ol>\n<p>Nei presenti Termini e condizioni si applicano le seguenti definizioni:<\/p>\n<p>Cliente: la persona o l&#8217;entit\u00e0 descritta nel Contratto di mandato.<\/p>\n<p>Contratto: il Contratto di mandato unitamente agli eventuali allegati, che possono includere il Preventivo, l&#8217;Ambito di lavoro e i presenti Termini e condizioni.<\/p>\n<p>Fornitore: Alpine Elite di Rossella Gatti, una ditta individuale registrata in Svizzera (Canton Ticino) con numero di registrazione CHE\u00ac432.575.258.<\/p>\n<p>Servizi: i servizi forniti dal Fornitore al Cliente come indicato nell&#8217;Accordo di mandato.<\/p>\n<p>Con il conferimento di un Contratto di mandato il Cliente accetta i presenti Termini e condizioni.<\/p>\n<p>Al Contratto di mandato sono applicabili le disposizioni previste agli articoli 394 e seguenti del Codice delle Obbligazioni Svizzero e ogni altra applicabile.<\/p>\n<p>&nbsp;<\/p>\n<ol start=\"2\">\n<li><strong>BASE DEL CONTRATTO<\/strong><\/li>\n<\/ol>\n<ul>\n<li>2.1 Con la sottoscrizione del Contratto di mandato, il Cliente fa un&#8217;offerta di acquisto di Servizi dal Fornitore in conformit\u00e0 al Contratto<\/li>\n<li>2.2 Il Contratto si intender\u00e0 accettato solo nel momento in cui il Fornitore controfirmer\u00e0 il Contratto di mandato, momento in cui il Contratto entrer\u00e0 in vigore (Data di inizio).<\/li>\n<\/ul>\n<p>&nbsp;<\/p>\n<ol start=\"3\">\n<li><strong>FORNITURA DEI SERVIZI<\/strong><\/li>\n<\/ol>\n<ul>\n<li>3.1 Il Fornitore fornir\u00e0 i Servizi al Cliente in conformit\u00e0 all&#8217;Accordo e a qualsiasi Ambito di lavoro in tutti gli aspetti sostanziali.<\/li>\n<li>3.2 Il Fornitore far\u00e0 ogni ragionevole sforzo per rispettare le date di esecuzione specificate nell&#8217;Accordo.<\/li>\n<\/ul>\n<p>&nbsp;<\/p>\n<ol start=\"4\">\n<li><strong>OBBLIGHI DEL CLIENTE<\/strong><\/li>\n<\/ol>\n<ul>\n<li>4.1 Il Cliente dovr\u00e0:<\/li>\n<li>(a) garantire la completezza e l&#8217;accuratezza dei dati riportati nel Contratto di mandato;<\/li>\n<li>(b) collaborare con il Fornitore in tutte le questioni relative ai Servizi;<\/li>\n<li>(c) fornire al Fornitore le informazioni e i materiali che il Fornitore pu\u00f2 ragionevolmente richiedere per fornire i Servizi;<\/li>\n<li>(d) effettuare tutti i pagamenti come specificato nell&#8217;Accordo e nei presenti Termini e condizioni.<\/li>\n<li>(e) dovr\u00e0 pagare le prestazioni eseguite dal Fornitore fino al termine del mandato. Anche eventuali esborsi, tariffe e spese connessi con la cessazione del Contratto di mandato devono essere corrisposti al Fornitore.<\/li>\n<\/ul>\n<p>&nbsp;<\/p>\n<ol start=\"5\">\n<li><strong>MODIFICHE AI SERVIZI E\/O ALL&#8217;OFFERTA<\/strong><\/li>\n<\/ol>\n<ul>\n<li>5.1 Se il Cliente desidera modificare l&#8217;ambito o le prestazioni dei Servizi, dovr\u00e0 comunicarlo per iscritto al Fornitore.<\/li>\n<li>5.2 Il Fornitore fornir\u00e0 al Cliente una stima scritta delle probabili modifiche alla quotazione derivanti dalla modifica richiesta.<\/li>\n<\/ul>\n<p>&nbsp;<\/p>\n<ol start=\"6\">\n<li><strong>CORRISPETTIVI E PAGAMENTI<\/strong><\/li>\n<\/ol>\n<p>Al momento della sottoscrizione del Contratto di mandato il Fornitore comunica al Cliente le tariffe in vigore (IVA e spese escluse).<\/p>\n<ul>\n<li>6.1 Il Cliente dovr\u00e0 pagare il Preventivo totale in conformit\u00e0 al Contratto di mandato.<\/li>\n<li>6.2 Tutti gli importi dovuti dal Cliente sono al netto dell&#8217;IVA, che il Cliente dovr\u00e0 versare al Fornitore.<\/li>\n<li>6.3 Il Cliente dovr\u00e0 pagare ogni fattura presentata dal Fornitore entro il termine specificato nella relativa fattura.<\/li>\n<li>6.4 Il Fornitore si riserva il diritto di richiedere un deposito o il pagamento completo in anticipo per determinati Servizi, a sua discrezione.<\/li>\n<li>6.5 In caso di ritardato pagamento, il Fornitore potr\u00e0 addebitare gli interessi di mora ad un tasso del 5% annuo.<\/li>\n<\/ul>\n<p>&nbsp;<\/p>\n<ol start=\"7\">\n<li><strong>ANNULLAMENTO O MODIFICA DELL&#8217;EVENTO<\/strong><\/li>\n<\/ol>\n<p>7.1 In caso di cancellazione di un servizio da parte del Cliente, quest&#8217;ultimo sar\u00e0 tenuto a pagare al Fornitore tutti gli oneri gi\u00e0 sostenuti in relazione all&#8217;esecuzione dei Servizi per quell&#8217;Evento, nonch\u00e9 le seguenti spese di cancellazione:<\/p>\n<ul>\n<li>(a) Cancellazione oltre 30 giorni prima dell&#8217;Evento: 25% del Preventivo totale.<\/li>\n<li>(b) Cancellazione 15-30 giorni prima dell&#8217;Evento: 50% del Preventivo totale.<\/li>\n<li>(c) Cancellazione a meno di 15 giorni dall&#8217;Evento: 100% del Preventivo totale.<\/li>\n<\/ul>\n<p>&nbsp;<\/p>\n<ol start=\"8\">\n<li><strong>PROPRIET\u00c0 INTELLETTUALE E PROTEZIONE DEI DATI<\/strong><\/li>\n<\/ol>\n<ul>\n<li>8.1 Il Fornitore riconosce e concorda che i diritti di propriet\u00e0 intellettuale relativi a qualsiasi Prodotto sono di propriet\u00e0 del Cliente.<\/li>\n<li>8.2 Il trattamento dei dati personali del Cliente avviene in conformit\u00e0 con le normative e le leggi in vigore in Svizzera in ambito di Protezione dei dati e si rimanda in particolare alla specifica Dichiarazione sulla protezione dei dati del Cliente.<\/li>\n<\/ul>\n<p>&nbsp;<\/p>\n<ol start=\"9\">\n<li><strong>RISERVATEZZA<\/strong><\/li>\n<\/ol>\n<p>Ciascuna parte dovr\u00e0 mantenere riservate tutte le informazioni riservate ricevute dall&#8217;altra parte.<\/p>\n<p>In particolare, entrambe le parti assicurano la massima confidenzialit\u00e0 in merito ai dati, informazioni e documenti a cui si \u00e8 venuti a conoscenza in relazione al Contratto di mandato.<\/p>\n<p>&nbsp;<\/p>\n<ol start=\"10\">\n<li><strong>LIMITAZIONE DI RESPONSABILIT\u00c0<\/strong><\/li>\n<\/ol>\n<ul>\n<li>10.1 Nessuna disposizione dei presenti Termini e condizioni limiter\u00e0 o escluder\u00e0 la responsabilit\u00e0 del Fornitore per frode o falsa dichiarazione fraudolenta.<\/li>\n<li>10.2 Fatta salva la clausola 10.1, la responsabilit\u00e0 totale del Fornitore nei confronti del Cliente non superer\u00e0 gli importi pagati dal Cliente al Fornitore ai sensi del Contratto.<\/li>\n<li>10.3 Il Fornitore non sar\u00e0 responsabile per eventuali perdite indirette o conseguenti, incluse, a titolo esemplificativo, la perdita di profitti, la perdita di affari o la perdita di opportunit\u00e0.<\/li>\n<li>10.4 Il Cliente accetta di indennizzare e tenere indenne il Fornitore da qualsiasi reclamo, danno o perdita derivante dalla violazione dei presenti Termini e condizioni da parte del Cliente o da qualsiasi reclamo di terzi relativo ai Servizi forniti.<\/li>\n<\/ul>\n<p>&nbsp;<\/p>\n<ol start=\"11\">\n<li><strong>DURATA E TERMINE DEL CONTRATTO DI MANDATO<\/strong><\/li>\n<\/ol>\n<p>I Contratti di mandato hanno durata indeterminata se non concordato diversamente tra Cliente e Fornitore.<\/p>\n<p>&nbsp;<\/p>\n<ol start=\"12\">\n<li><strong>RESCISSIONE<\/strong><\/li>\n<\/ol>\n<ul>\n<li>12.1 Ciascuna delle parti pu\u00f2 rescindere il Contratto con effetto immediato dandone comunicazione scritta all&#8217;altra parte se quest&#8217;ultima commette una violazione sostanziale del Contratto.<\/li>\n<li>12.2 Il Fornitore pu\u00f2 rescindere il Contratto con effetto immediato se il Cliente non effettua alcun pagamento alla scadenza.<\/li>\n<\/ul>\n<p>&nbsp;<\/p>\n<ol start=\"13\">\n<li><strong>DISPOSIZIONI GENERALI<\/strong><\/li>\n<\/ol>\n<ul>\n<li>13.1 Forza maggiore: Il Fornitore non sar\u00e0 responsabile nei confronti del Cliente per eventuali ritardi o mancati adempimenti dovuti a eventi di forza maggiore.<\/li>\n<li>13.2 Legge applicabile e giurisdizione: Il presente Contratto, e qualsiasi controversia o reclamo derivante da o in relazione ad esso o al suo oggetto o alla sua formazione, sar\u00e0 disciplinato e interpretato in conformit\u00e0 alla legge svizzera, con Foro Lugano, Svizzera<\/li>\n<li>13.3 Separabilit\u00e0: Se una qualsiasi disposizione dei presenti Termini e condizioni \u00e8 ritenuta non valida o inapplicabile, le restanti disposizioni rimarranno in vigore a tutti gli effetti.<\/li>\n<li>13.4 Intero accordo: I presenti Termini e condizioni, insieme al Contratto di mandato e agli eventuali allegati, costituiscono l&#8217;intero accordo tra le parti e sostituiscono tutti gli accordi, le intese o le dichiarazioni precedenti, sia scritte che orali.<\/li>\n<li>13.5 Cessione: Il Cliente non pu\u00f2 cedere o trasferire a nessuno i suoi diritti o obblighi ai sensi del presente Contratto senza il previo consenso scritto del Fornitore.<\/li>\n<li>13.6 Avvisi: Tutte le comunicazioni devono essere inviate per iscritto all&#8217;indirizzo specificato nel Contratto di mandato.<\/li>\n<\/ul>\n<p>ISCRIZIONEAccediIscizione aziendaleIscrizione privato SERVIZILifestyle management e servizi conciergeEsperie<\/p>\n","protected":false},"excerpt":{"rendered":"<p>DEFINIZIONI E INTERPRETAZIONE Nei presenti Termini e condizioni si applicano le seguenti definizioni: Cliente: la persona o l&#8217;entit\u00e0 descritta nel Contratto di mandato. Contratto: il Contratto di mandato unitamente agli eventuali allegati, che possono includere il Preventivo, l&#8217;Ambito di lavoro e i presenti Termini e condizioni. Fornitore: Alpine Elite di Rossella Gatti, una ditta individuale [&hellip;]<\/p>\n","protected":false},"author":1,"featured_media":0,"parent":0,"menu_order":0,"comment_status":"closed","ping_status":"closed","template":"template-full-width.php","meta":{"_acf_changed":false,"footnotes":""},"class_list":["post-696","page","type-page","status-publish","hentry"],"acf":[],"_links":{"self":[{"href":"https:\/\/alpineelite.ch\/it\/wp-json\/wp\/v2\/pages\/696","targetHints":{"allow":["GET"]}}],"collection":[{"href":"https:\/\/alpineelite.ch\/it\/wp-json\/wp\/v2\/pages"}],"about":[{"href":"https:\/\/alpineelite.ch\/it\/wp-json\/wp\/v2\/types\/page"}],"author":[{"embeddable":true,"href":"https:\/\/alpineelite.ch\/it\/wp-json\/wp\/v2\/users\/1"}],"replies":[{"embeddable":true,"href":"https:\/\/alpineelite.ch\/it\/wp-json\/wp\/v2\/comments?post=696"}],"version-history":[{"count":16,"href":"https:\/\/alpineelite.ch\/it\/wp-json\/wp\/v2\/pages\/696\/revisions"}],"predecessor-version":[{"id":1489,"href":"https:\/\/alpineelite.ch\/it\/wp-json\/wp\/v2\/pages\/696\/revisions\/1489"}],"wp:attachment":[{"href":"https:\/\/alpineelite.ch\/it\/wp-json\/wp\/v2\/media?parent=696"}],"curies":[{"name":"wp","href":"https:\/\/api.w.org\/{rel}","templated":true}]}}